{"id":2,"date":"2015-02-10T14:16:22","date_gmt":"2015-02-10T14:16:22","guid":{"rendered":"http:\/\/vivavenao.com\/v\/?page_id=2"},"modified":"2018-02-08T18:49:22","modified_gmt":"2018-02-08T18:49:22","slug":"sample-page","status":"publish","type":"page","link":"https:\/\/vivavenao.com\/v\/","title":{"rendered":"Search the Area"},"content":{"rendered":"<p>[vc_row][vc_column width=&#8221;1\/1&#8243;][vc_column_text]Welcome to Playa Venao! \u00a0\/ \u00a0Bienvenidos a Playa Venao! \u00a0\/\/<\/p>\n<p>This section of the website serves as a business directory to help guide through the hotels, restaurant, and businesses in the greater area of southern Azuero.<\/p>\n<p>Any questions, comments, please send a message to &#97;&#x64;&#109;&#x69;&#110;&#x40;&#118;&#x69;&#118;&#x61;v&#x65;n&#x61;o&#x2e;c&#x6f;m<\/p>\n<p>&nbsp;<\/p>\n<p>\/\/ \u00a0Esta secci\u00f3n del sitio web sirve como un directorio de negocios para ayudar a guiar a trav\u00e9s de los hoteles, restaurantes, y negocios en el \u00e1rea del sur de Azuero.<\/p>\n<p>Para cualquier duda, comentario, por favor env\u00ede un mensaje a &#x61;&#x64;&#x6d;&#105;n&#64;v&#x69;&#x76;&#x61;&#118;ena&#x6f;&#x2e;&#x63;&#111;m[\/vc_column_text][vc_text_separator title=&#8221;Get Started&#8221; title_align=&#8221;separator_align_center&#8221; color=&#8221;grey&#8221;][vc_button title=&#8221;View All Listings in the Area&#8221; target=&#8221;_self&#8221; color=&#8221;btn-primary&#8221; icon=&#8221;none&#8221; size=&#8221;btn-large&#8221; href=&#8221;http:\/\/vivavenao.com\/v\/listings&#8221;][\/vc_column][\/vc_row]<\/p>\n","protected":false},"excerpt":{"rendered":"<p>[vc_row][vc_column width=&#8221;1\/1&#8243;][vc_column_text]Welcome to Playa Venao! \u00a0\/ \u00a0Bienvenidos a Playa Venao! \u00a0\/\/ This section of the website serves as a business directory to help guide through the hotels, restaurant, and businesses in the greater area of southern Azuero. Any questions, comments, please send a message to ad&#109;&#x69;&#x6e;&#x40;vi&#118;&#x61;&#x76;&#x65;na&#111;&#x2e;&#x63;&#x6f;m &nbsp; \/\/ \u00a0Esta secci\u00f3n del sitio web sirve como&hellip;<\/p>\n","protected":false},"author":1,"featured_media":6,"parent":0,"menu_order":0,"comment_status":"open","ping_status":"open","template":"page-templates\/template-home.php","meta":{"footnotes":""},"class_list":["post-2","page","type-page","status-publish","has-post-thumbnail","hentry","content-box content-box-wrapper"],"_links":{"self":[{"href":"https:\/\/vivavenao.com\/v\/wp-json\/wp\/v2\/pages\/2","targetHints":{"allow":["GET"]}}],"collection":[{"href":"https:\/\/vivavenao.com\/v\/wp-json\/wp\/v2\/pages"}],"about":[{"href":"https:\/\/vivavenao.com\/v\/wp-json\/wp\/v2\/types\/page"}],"author":[{"embeddable":true,"href":"https:\/\/vivavenao.com\/v\/wp-json\/wp\/v2\/users\/1"}],"replies":[{"embeddable":true,"href":"https:\/\/vivavenao.com\/v\/wp-json\/wp\/v2\/comments?post=2"}],"version-history":[{"count":0,"href":"https:\/\/vivavenao.com\/v\/wp-json\/wp\/v2\/pages\/2\/revisions"}],"wp:featuredmedia":[{"embeddable":true,"href":"https:\/\/vivavenao.com\/v\/wp-json\/wp\/v2\/media\/6"}],"wp:attachment":[{"href":"https:\/\/vivavenao.com\/v\/wp-json\/wp\/v2\/media?parent=2"}],"curies":[{"name":"wp","href":"https:\/\/api.w.org\/{rel}","templated":true}]}}